{"id":6910,"date":"2024-11-19T13:26:24","date_gmt":"2024-11-19T06:26:24","guid":{"rendered":"https:\/\/qstcnc.com\/?post_type=product&#038;p=6910"},"modified":"2024-11-29T09:18:47","modified_gmt":"2024-11-29T02:18:47","slug":"che-tao-may-kim-hoan-5-truc-model-jw230","status":"publish","type":"product","link":"https:\/\/qstcnc.com\/en\/san-pham\/che-tao-may-kim-hoan-5-truc-model-jw230","title":{"rendered":"M\u00c1Y KIM HO\u00c0N 5 TR\u1ee4C JW-230"},"content":{"rendered":"<table width=\"641\">\n<tbody>\n<tr>\n<td width=\"169\">M\u00e3 m\u00e1y<\/td>\n<td width=\"472\">JW230.<\/td>\n<\/tr>\n<tr>\n<td>\u0110i\u1ec1u khi\u1ec3n<\/td>\n<td>\u0110i\u1ec1u khi\u1ec3n 5 tr\u1ee5c: X \/ Y \/ Z \/ A \/ C gi\u00fap thao t\u00e1c chi ti\u1ebft v\u00e0 ch\u00ednh x\u00e1c \u1edf m\u1ecdi g\u00f3c \u0111\u1ed9.<\/td>\n<\/tr>\n<tr>\n<td>H\u00e0nh tr\u00ecnh chuy\u1ec3n \u0111\u1ed9ng:<\/td>\n<td>X: 300mm, Y: 200mm, Z: 300mm<\/td>\n<\/tr>\n<tr>\n<td>Spindle<\/td>\n<td>1 spindle c\u00f4ng su\u1ea5t m\u1ea1nh m\u1ebd<\/td>\n<\/tr>\n<tr>\n<td>T\u1ed1c \u0111\u1ed9 spindle<\/td>\n<td>60.000 rpm\/ph\u00fat<\/td>\n<\/tr>\n<\/tbody>\n<\/table>\n<p>&nbsp;<\/p>\n<table width=\"454\">\n<tbody>\n<tr>\n<td style=\"text-align: center;\" colspan=\"2\" width=\"454\"><strong>ATC SYSTEM IS INCLUDED<\/strong><\/td>\n<\/tr>\n<tr>\n<td>ATC tool holder<\/td>\n<td>5<\/td>\n<\/tr>\n<tr>\n<td>Automatic tool alignment<\/td>\n<td>1<\/td>\n<\/tr>\n<\/tbody>\n<\/table>\n<h3><\/h3>\n","protected":false},"excerpt":{"rendered":"<p>M\u00e1y kim ho\u00e0n 5 tr\u1ee5c l\u00e0 thi\u1ebft b\u1ecb c\u00f4ng ngh\u1ec7 cao \u0111\u01b0\u1ee3c thi\u1ebft k\u1ebf \u0111\u1eb7c bi\u1ec7t \u0111\u1ec3 gia c\u00f4ng c\u00e1c chi ti\u1ebft ph\u1ee9c t\u1ea1p trong ng\u00e0nh ch\u1ebf t\u00e1c trang s\u1ee9c. V\u1edbi kh\u1ea3 n\u0103ng v\u1eadn h\u00e0nh tr\u00ean 5 tr\u1ee5c chuy\u1ec3n \u0111\u1ed9ng \u0111\u1ed3ng th\u1eddi, m\u00e1y cho ph\u00e9p ch\u1ebf t\u00e1c c\u00e1c m\u1eabu trang s\u1ee9c c\u00f3 \u0111\u1ed9 tinh x\u1ea3o cao, bao g\u1ed3m c\u00e1c b\u1ec1 m\u1eb7t cong, g\u00f3c c\u1ea1nh v\u00e0 h\u1ecda ti\u1ebft ph\u1ee9c t\u1ea1p. \u0110\u01b0\u1ee3c trang b\u1ecb h\u1ec7 th\u1ed1ng \u0111i\u1ec1u khi\u1ec3n CNC hi\u1ec7n \u0111\u1ea1i, m\u00e1y \u0111\u1ea3m b\u1ea3o \u0111\u1ed9 ch\u00ednh x\u00e1c tuy\u1ec7t \u0111\u1ed1i, gi\u1ea3m thi\u1ec3u sai s\u00f3t v\u00e0 t\u1ed1i \u01b0u h\u00f3a th\u1eddi gian s\u1ea3n xu\u1ea5t<\/p>\n","protected":false},"featured_media":6920,"comment_status":"closed","ping_status":"closed","template":"","meta":[],"product_cat":[48],"product_tag":[135],"class_list":["post-6910","product","type-product","status-publish","has-post-thumbnail","hentry","product_cat-gia-cong","product_tag-may-kim-hoan-5-truc-jw230"],"yoast_head":"<!-- This site is optimized with the Yoast SEO plugin v21.5 - https:\/\/yoast.com\/wordpress\/plugins\/seo\/ -->\n<title>M\u00c1Y KIM HO\u00c0N 5 TR\u1ee4C JW-230 - QS Technology<\/title>\n<meta name=\"description\" content=\"M\u00e1y kim ho\u00e0n 5 tr\u1ee5c l\u00e0 thi\u1ebft b\u1ecb c\u00f4ng ngh\u1ec7 cao \u0111\u01b0\u1ee3c thi\u1ebft k\u1ebf \u0111\u1eb7c bi\u1ec7t \u0111\u1ec3 gia c\u00f4ng c\u00e1c chi ti\u1ebft ph\u1ee9c t\u1ea1p trong ng\u00e0nh ch\u1ebf t\u00e1c trang s\u1ee9c. V\u1edbi kh\u1ea3 n\u0103ng v\u1eadn h\u00e0nh tr\u00ean 5 tr\u1ee5c chuy\u1ec3n \u0111\u1ed9ng \u0111\u1ed3ng th\u1eddi, m\u00e1y cho ph\u00e9p ch\u1ebf t\u00e1c c\u00e1c m\u1eabu trang s\u1ee9c c\u00f3 \u0111\u1ed9 tinh x\u1ea3o cao, bao g\u1ed3m c\u00e1c b\u1ec1 m\u1eb7t cong, g\u00f3c c\u1ea1nh v\u00e0 h\u1ecda ti\u1ebft ph\u1ee9c t\u1ea1p. \u0110\u01b0\u1ee3c trang b\u1ecb h\u1ec7 th\u1ed1ng \u0111i\u1ec1u khi\u1ec3n CNC hi\u1ec7n \u0111\u1ea1i, m\u00e1y \u0111\u1ea3m b\u1ea3o \u0111\u1ed9 ch\u00ednh x\u00e1c tuy\u1ec7t \u0111\u1ed1i, gi\u1ea3m thi\u1ec3u sai s\u00f3t v\u00e0 t\u1ed1i \u01b0u h\u00f3a th\u1eddi gian s\u1ea3n xu\u1ea5t\" \/>\n<meta name=\"robots\" content=\"index, follow, max-snippet:-1, max-image-preview:large, max-video-preview:-1\" \/>\n<link rel=\"canonical\" href=\"https:\/\/qstcnc.com\/en\/san-pham\/che-tao-may-kim-hoan-5-truc-model-jw230\" \/>\n<meta property=\"og:locale\" content=\"en_US\" \/>\n<meta property=\"og:type\" content=\"article\" \/>\n<meta property=\"og:title\" content=\"M\u00c1Y KIM HO\u00c0N 5 TR\u1ee4C JW-230 - QS Technology\" \/>\n<meta property=\"og:description\" content=\"M\u00e1y kim ho\u00e0n 5 tr\u1ee5c l\u00e0 thi\u1ebft b\u1ecb c\u00f4ng ngh\u1ec7 cao \u0111\u01b0\u1ee3c thi\u1ebft k\u1ebf \u0111\u1eb7c bi\u1ec7t \u0111\u1ec3 gia c\u00f4ng c\u00e1c chi ti\u1ebft ph\u1ee9c t\u1ea1p trong ng\u00e0nh ch\u1ebf t\u00e1c trang s\u1ee9c. V\u1edbi kh\u1ea3 n\u0103ng v\u1eadn h\u00e0nh tr\u00ean 5 tr\u1ee5c chuy\u1ec3n \u0111\u1ed9ng \u0111\u1ed3ng th\u1eddi, m\u00e1y cho ph\u00e9p ch\u1ebf t\u00e1c c\u00e1c m\u1eabu trang s\u1ee9c c\u00f3 \u0111\u1ed9 tinh x\u1ea3o cao, bao g\u1ed3m c\u00e1c b\u1ec1 m\u1eb7t cong, g\u00f3c c\u1ea1nh v\u00e0 h\u1ecda ti\u1ebft ph\u1ee9c t\u1ea1p. \u0110\u01b0\u1ee3c trang b\u1ecb h\u1ec7 th\u1ed1ng \u0111i\u1ec1u khi\u1ec3n CNC hi\u1ec7n \u0111\u1ea1i, m\u00e1y \u0111\u1ea3m b\u1ea3o \u0111\u1ed9 ch\u00ednh x\u00e1c tuy\u1ec7t \u0111\u1ed1i, gi\u1ea3m thi\u1ec3u sai s\u00f3t v\u00e0 t\u1ed1i \u01b0u h\u00f3a th\u1eddi gian s\u1ea3n xu\u1ea5t\" \/>\n<meta property=\"og:url\" content=\"https:\/\/qstcnc.com\/en\/san-pham\/che-tao-may-kim-hoan-5-truc-model-jw230\" \/>\n<meta property=\"og:site_name\" content=\"QS Technology\" \/>\n<meta property=\"article:publisher\" content=\"https:\/\/www.facebook.com\/people\/QS-Technology\/100088497916508\/\" \/>\n<meta property=\"article:modified_time\" content=\"2024-11-29T02:18:47+00:00\" \/>\n<meta property=\"og:image\" content=\"https:\/\/qstcnc.com\/wp-content\/uploads\/1-6.png\" \/>\n\t<meta property=\"og:image:width\" content=\"900\" \/>\n\t<meta property=\"og:image:height\" content=\"875\" \/>\n\t<meta property=\"og:image:type\" content=\"image\/png\" \/>\n<meta name=\"twitter:card\" content=\"summary_large_image\" \/>\n<meta name=\"twitter:label1\" content=\"Est. reading time\" \/>\n\t<meta name=\"twitter:data1\" content=\"1 minute\" \/>\n<script type=\"application\/ld+json\" class=\"yoast-schema-graph\">{\"@context\":\"https:\/\/schema.org\",\"@graph\":[{\"@type\":\"WebPage\",\"@id\":\"https:\/\/qstcnc.com\/en\/san-pham\/che-tao-may-kim-hoan-5-truc-model-jw230\",\"url\":\"https:\/\/qstcnc.com\/en\/san-pham\/che-tao-may-kim-hoan-5-truc-model-jw230\",\"name\":\"M\u00c1Y KIM HO\u00c0N 5 TR\u1ee4C JW-230 - QS Technology\",\"isPartOf\":{\"@id\":\"https:\/\/qstcnc.com\/en#website\"},\"datePublished\":\"2024-11-19T06:26:24+00:00\",\"dateModified\":\"2024-11-29T02:18:47+00:00\",\"description\":\"M\u00e1y kim ho\u00e0n 5 tr\u1ee5c l\u00e0 thi\u1ebft b\u1ecb c\u00f4ng ngh\u1ec7 cao \u0111\u01b0\u1ee3c thi\u1ebft k\u1ebf \u0111\u1eb7c bi\u1ec7t \u0111\u1ec3 gia c\u00f4ng c\u00e1c chi ti\u1ebft ph\u1ee9c t\u1ea1p trong ng\u00e0nh ch\u1ebf t\u00e1c trang s\u1ee9c. V\u1edbi kh\u1ea3 n\u0103ng v\u1eadn h\u00e0nh tr\u00ean 5 tr\u1ee5c chuy\u1ec3n \u0111\u1ed9ng \u0111\u1ed3ng th\u1eddi, m\u00e1y cho ph\u00e9p ch\u1ebf t\u00e1c c\u00e1c m\u1eabu trang s\u1ee9c c\u00f3 \u0111\u1ed9 tinh x\u1ea3o cao, bao g\u1ed3m c\u00e1c b\u1ec1 m\u1eb7t cong, g\u00f3c c\u1ea1nh v\u00e0 h\u1ecda ti\u1ebft ph\u1ee9c t\u1ea1p. \u0110\u01b0\u1ee3c trang b\u1ecb h\u1ec7 th\u1ed1ng \u0111i\u1ec1u khi\u1ec3n CNC hi\u1ec7n \u0111\u1ea1i, m\u00e1y \u0111\u1ea3m b\u1ea3o \u0111\u1ed9 ch\u00ednh x\u00e1c tuy\u1ec7t \u0111\u1ed1i, gi\u1ea3m thi\u1ec3u sai s\u00f3t v\u00e0 t\u1ed1i \u01b0u h\u00f3a th\u1eddi gian s\u1ea3n xu\u1ea5t\",\"breadcrumb\":{\"@id\":\"https:\/\/qstcnc.com\/en\/san-pham\/che-tao-may-kim-hoan-5-truc-model-jw230#breadcrumb\"},\"inLanguage\":\"en-US\",\"potentialAction\":[{\"@type\":\"ReadAction\",\"target\":[\"https:\/\/qstcnc.com\/en\/san-pham\/che-tao-may-kim-hoan-5-truc-model-jw230\"]}]},{\"@type\":\"BreadcrumbList\",\"@id\":\"https:\/\/qstcnc.com\/en\/san-pham\/che-tao-may-kim-hoan-5-truc-model-jw230#breadcrumb\",\"itemListElement\":[{\"@type\":\"ListItem\",\"position\":1,\"name\":\"Trang ch\u1ee7\",\"item\":\"https:\/\/qstcnc.com\/en\"},{\"@type\":\"ListItem\",\"position\":2,\"name\":\"Products\",\"item\":\"https:\/\/qstcnc.com\/en\/shop\"},{\"@type\":\"ListItem\",\"position\":3,\"name\":\"Fabrication\",\"item\":\"https:\/\/qstcnc.com\/en\/product-category\/fabrication\"},{\"@type\":\"ListItem\",\"position\":4,\"name\":\"M\u00c1Y KIM HO\u00c0N 5 TR\u1ee4C JW-230\"}]},{\"@type\":\"WebSite\",\"@id\":\"https:\/\/qstcnc.com\/en#website\",\"url\":\"https:\/\/qstcnc.com\/en\",\"name\":\"qstcnc.com\",\"description\":\"QS Technology CNC\",\"publisher\":{\"@id\":\"https:\/\/qstcnc.com\/en#organization\"},\"potentialAction\":[{\"@type\":\"SearchAction\",\"target\":{\"@type\":\"EntryPoint\",\"urlTemplate\":\"https:\/\/qstcnc.com\/en?s={search_term_string}\"},\"query-input\":\"required name=search_term_string\"}],\"inLanguage\":\"en-US\"},{\"@type\":\"Organization\",\"@id\":\"https:\/\/qstcnc.com\/en#organization\",\"name\":\"QS Technology\",\"url\":\"https:\/\/qstcnc.com\/en\",\"logo\":{\"@type\":\"ImageObject\",\"inLanguage\":\"en-US\",\"@id\":\"https:\/\/qstcnc.com\/en#\/schema\/logo\/image\/\",\"url\":\"https:\/\/qstcnc.com\/wp-content\/uploads\/2023\/10\/QS-LOGO-04.png\",\"contentUrl\":\"https:\/\/qstcnc.com\/wp-content\/uploads\/2023\/10\/QS-LOGO-04.png\",\"width\":293,\"height\":207,\"caption\":\"QS Technology\"},\"image\":{\"@id\":\"https:\/\/qstcnc.com\/en#\/schema\/logo\/image\/\"},\"sameAs\":[\"https:\/\/www.facebook.com\/people\/QS-Technology\/100088497916508\/\",\"https:\/\/www.youtube.com\/@qstechnology7516\"]}]}<\/script>\n<!-- \/ Yoast SEO plugin. -->","yoast_head_json":{"title":"M\u00c1Y KIM HO\u00c0N 5 TR\u1ee4C JW-230 - QS Technology","description":"M\u00e1y kim ho\u00e0n 5 tr\u1ee5c l\u00e0 thi\u1ebft b\u1ecb c\u00f4ng ngh\u1ec7 cao \u0111\u01b0\u1ee3c thi\u1ebft k\u1ebf \u0111\u1eb7c bi\u1ec7t \u0111\u1ec3 gia c\u00f4ng c\u00e1c chi ti\u1ebft ph\u1ee9c t\u1ea1p trong ng\u00e0nh ch\u1ebf t\u00e1c trang s\u1ee9c. V\u1edbi kh\u1ea3 n\u0103ng v\u1eadn h\u00e0nh tr\u00ean 5 tr\u1ee5c chuy\u1ec3n \u0111\u1ed9ng \u0111\u1ed3ng th\u1eddi, m\u00e1y cho ph\u00e9p ch\u1ebf t\u00e1c c\u00e1c m\u1eabu trang s\u1ee9c c\u00f3 \u0111\u1ed9 tinh x\u1ea3o cao, bao g\u1ed3m c\u00e1c b\u1ec1 m\u1eb7t cong, g\u00f3c c\u1ea1nh v\u00e0 h\u1ecda ti\u1ebft ph\u1ee9c t\u1ea1p. \u0110\u01b0\u1ee3c trang b\u1ecb h\u1ec7 th\u1ed1ng \u0111i\u1ec1u khi\u1ec3n CNC hi\u1ec7n \u0111\u1ea1i, m\u00e1y \u0111\u1ea3m b\u1ea3o \u0111\u1ed9 ch\u00ednh x\u00e1c tuy\u1ec7t \u0111\u1ed1i, gi\u1ea3m thi\u1ec3u sai s\u00f3t v\u00e0 t\u1ed1i \u01b0u h\u00f3a th\u1eddi gian s\u1ea3n xu\u1ea5t","robots":{"index":"index","follow":"follow","max-snippet":"max-snippet:-1","max-image-preview":"max-image-preview:large","max-video-preview":"max-video-preview:-1"},"canonical":"https:\/\/qstcnc.com\/en\/san-pham\/che-tao-may-kim-hoan-5-truc-model-jw230","og_locale":"en_US","og_type":"article","og_title":"M\u00c1Y KIM HO\u00c0N 5 TR\u1ee4C JW-230 - QS Technology","og_description":"M\u00e1y kim ho\u00e0n 5 tr\u1ee5c l\u00e0 thi\u1ebft b\u1ecb c\u00f4ng ngh\u1ec7 cao \u0111\u01b0\u1ee3c thi\u1ebft k\u1ebf \u0111\u1eb7c bi\u1ec7t \u0111\u1ec3 gia c\u00f4ng c\u00e1c chi ti\u1ebft ph\u1ee9c t\u1ea1p trong ng\u00e0nh ch\u1ebf t\u00e1c trang s\u1ee9c. V\u1edbi kh\u1ea3 n\u0103ng v\u1eadn h\u00e0nh tr\u00ean 5 tr\u1ee5c chuy\u1ec3n \u0111\u1ed9ng \u0111\u1ed3ng th\u1eddi, m\u00e1y cho ph\u00e9p ch\u1ebf t\u00e1c c\u00e1c m\u1eabu trang s\u1ee9c c\u00f3 \u0111\u1ed9 tinh x\u1ea3o cao, bao g\u1ed3m c\u00e1c b\u1ec1 m\u1eb7t cong, g\u00f3c c\u1ea1nh v\u00e0 h\u1ecda ti\u1ebft ph\u1ee9c t\u1ea1p. \u0110\u01b0\u1ee3c trang b\u1ecb h\u1ec7 th\u1ed1ng \u0111i\u1ec1u khi\u1ec3n CNC hi\u1ec7n \u0111\u1ea1i, m\u00e1y \u0111\u1ea3m b\u1ea3o \u0111\u1ed9 ch\u00ednh x\u00e1c tuy\u1ec7t \u0111\u1ed1i, gi\u1ea3m thi\u1ec3u sai s\u00f3t v\u00e0 t\u1ed1i \u01b0u h\u00f3a th\u1eddi gian s\u1ea3n xu\u1ea5t","og_url":"https:\/\/qstcnc.com\/en\/san-pham\/che-tao-may-kim-hoan-5-truc-model-jw230","og_site_name":"QS Technology","article_publisher":"https:\/\/www.facebook.com\/people\/QS-Technology\/100088497916508\/","article_modified_time":"2024-11-29T02:18:47+00:00","og_image":[{"width":900,"height":875,"url":"https:\/\/qstcnc.com\/wp-content\/uploads\/1-6.png","type":"image\/png"}],"twitter_card":"summary_large_image","twitter_misc":{"Est. reading time":"1 minute"},"schema":{"@context":"https:\/\/schema.org","@graph":[{"@type":"WebPage","@id":"https:\/\/qstcnc.com\/en\/san-pham\/che-tao-may-kim-hoan-5-truc-model-jw230","url":"https:\/\/qstcnc.com\/en\/san-pham\/che-tao-may-kim-hoan-5-truc-model-jw230","name":"M\u00c1Y KIM HO\u00c0N 5 TR\u1ee4C JW-230 - QS Technology","isPartOf":{"@id":"https:\/\/qstcnc.com\/en#website"},"datePublished":"2024-11-19T06:26:24+00:00","dateModified":"2024-11-29T02:18:47+00:00","description":"M\u00e1y kim ho\u00e0n 5 tr\u1ee5c l\u00e0 thi\u1ebft b\u1ecb c\u00f4ng ngh\u1ec7 cao \u0111\u01b0\u1ee3c thi\u1ebft k\u1ebf \u0111\u1eb7c bi\u1ec7t \u0111\u1ec3 gia c\u00f4ng c\u00e1c chi ti\u1ebft ph\u1ee9c t\u1ea1p trong ng\u00e0nh ch\u1ebf t\u00e1c trang s\u1ee9c. V\u1edbi kh\u1ea3 n\u0103ng v\u1eadn h\u00e0nh tr\u00ean 5 tr\u1ee5c chuy\u1ec3n \u0111\u1ed9ng \u0111\u1ed3ng th\u1eddi, m\u00e1y cho ph\u00e9p ch\u1ebf t\u00e1c c\u00e1c m\u1eabu trang s\u1ee9c c\u00f3 \u0111\u1ed9 tinh x\u1ea3o cao, bao g\u1ed3m c\u00e1c b\u1ec1 m\u1eb7t cong, g\u00f3c c\u1ea1nh v\u00e0 h\u1ecda ti\u1ebft ph\u1ee9c t\u1ea1p. \u0110\u01b0\u1ee3c trang b\u1ecb h\u1ec7 th\u1ed1ng \u0111i\u1ec1u khi\u1ec3n CNC hi\u1ec7n \u0111\u1ea1i, m\u00e1y \u0111\u1ea3m b\u1ea3o \u0111\u1ed9 ch\u00ednh x\u00e1c tuy\u1ec7t \u0111\u1ed1i, gi\u1ea3m thi\u1ec3u sai s\u00f3t v\u00e0 t\u1ed1i \u01b0u h\u00f3a th\u1eddi gian s\u1ea3n xu\u1ea5t","breadcrumb":{"@id":"https:\/\/qstcnc.com\/en\/san-pham\/che-tao-may-kim-hoan-5-truc-model-jw230#breadcrumb"},"inLanguage":"en-US","potentialAction":[{"@type":"ReadAction","target":["https:\/\/qstcnc.com\/en\/san-pham\/che-tao-may-kim-hoan-5-truc-model-jw230"]}]},{"@type":"BreadcrumbList","@id":"https:\/\/qstcnc.com\/en\/san-pham\/che-tao-may-kim-hoan-5-truc-model-jw230#breadcrumb","itemListElement":[{"@type":"ListItem","position":1,"name":"Trang ch\u1ee7","item":"https:\/\/qstcnc.com\/en"},{"@type":"ListItem","position":2,"name":"Products","item":"https:\/\/qstcnc.com\/en\/shop"},{"@type":"ListItem","position":3,"name":"Fabrication","item":"https:\/\/qstcnc.com\/en\/product-category\/fabrication"},{"@type":"ListItem","position":4,"name":"M\u00c1Y KIM HO\u00c0N 5 TR\u1ee4C JW-230"}]},{"@type":"WebSite","@id":"https:\/\/qstcnc.com\/en#website","url":"https:\/\/qstcnc.com\/en","name":"qstcnc.com","description":"QS Technology CNC","publisher":{"@id":"https:\/\/qstcnc.com\/en#organization"},"potentialAction":[{"@type":"SearchAction","target":{"@type":"EntryPoint","urlTemplate":"https:\/\/qstcnc.com\/en?s={search_term_string}"},"query-input":"required name=search_term_string"}],"inLanguage":"en-US"},{"@type":"Organization","@id":"https:\/\/qstcnc.com\/en#organization","name":"QS Technology","url":"https:\/\/qstcnc.com\/en","logo":{"@type":"ImageObject","inLanguage":"en-US","@id":"https:\/\/qstcnc.com\/en#\/schema\/logo\/image\/","url":"https:\/\/qstcnc.com\/wp-content\/uploads\/2023\/10\/QS-LOGO-04.png","contentUrl":"https:\/\/qstcnc.com\/wp-content\/uploads\/2023\/10\/QS-LOGO-04.png","width":293,"height":207,"caption":"QS Technology"},"image":{"@id":"https:\/\/qstcnc.com\/en#\/schema\/logo\/image\/"},"sameAs":["https:\/\/www.facebook.com\/people\/QS-Technology\/100088497916508\/","https:\/\/www.youtube.com\/@qstechnology7516"]}]}},"_links":{"self":[{"href":"https:\/\/qstcnc.com\/en\/wp-json\/wp\/v2\/product\/6910","targetHints":{"allow":["GET"]}}],"collection":[{"href":"https:\/\/qstcnc.com\/en\/wp-json\/wp\/v2\/product"}],"about":[{"href":"https:\/\/qstcnc.com\/en\/wp-json\/wp\/v2\/types\/product"}],"replies":[{"embeddable":true,"href":"https:\/\/qstcnc.com\/en\/wp-json\/wp\/v2\/comments?post=6910"}],"wp:featuredmedia":[{"embeddable":true,"href":"https:\/\/qstcnc.com\/en\/wp-json\/wp\/v2\/media\/6920"}],"wp:attachment":[{"href":"https:\/\/qstcnc.com\/en\/wp-json\/wp\/v2\/media?parent=6910"}],"wp:term":[{"taxonomy":"product_cat","embeddable":true,"href":"https:\/\/qstcnc.com\/en\/wp-json\/wp\/v2\/product_cat?post=6910"},{"taxonomy":"product_tag","embeddable":true,"href":"https:\/\/qstcnc.com\/en\/wp-json\/wp\/v2\/product_tag?post=6910"}],"curies":[{"name":"wp","href":"https:\/\/api.w.org\/{rel}","templated":true}]}}